{"id":9310,"date":"2016-01-27T12:10:50","date_gmt":"2016-01-27T15:10:50","guid":{"rendered":"http:\/\/integralqueen.com\/inicio\/?page_id=9310"},"modified":"2026-02-12T10:28:45","modified_gmt":"2026-02-12T13:28:45","slug":"properties","status":"publish","type":"page","link":"https:\/\/partnergloball.cl\/inicio\/properties\/","title":{"rendered":"Propiedades e Infraestructura"},"content":{"rendered":"\t\t<div data-elementor-type=\"wp-page\" data-elementor-id=\"9310\" class=\"elementor elementor-9310\" data-elementor-settings=\"[]\">\n\t\t\t\t\t\t\t<div class=\"elementor-section-wrap\">\n\t\t\t\t\t\t\t<section class=\"elementor-section elementor-top-section elementor-element elementor-element-6b56714 elementor-section-boxed elementor-section-height-default elementor-section-height-default\" data-id=\"6b56714\" data-element_type=\"section\">\n\t\t\t\t\t\t<div class=\"elementor-container elementor-column-gap-default\">\n\t\t\t\t\t<div class=\"elementor-column elementor-col-100 elementor-top-column elementor-element elementor-element-807fc07\" data-id=\"807fc07\" data-element_type=\"column\">\n\t\t\t<div class=\"elementor-widget-wrap elementor-element-populated\">\n\t\t\t\t\t\t\t\t<div class=\"elementor-element elementor-element-097350a elementor-widget elementor-widget-spacer\" data-id=\"097350a\" data-element_type=\"widget\" data-widget_type=\"spacer.default\">\n\t\t\t\t<div class=\"elementor-widget-container\">\n\t\t\t\t\t<div class=\"elementor-spacer\">\n\t\t\t<div class=\"elementor-spacer-inner\"><\/div>\n\t\t<\/div>\n\t\t\t\t<\/div>\n\t\t\t\t<\/div>\n\t\t\t\t<div class=\"elementor-element elementor-element-f7ec789 elementor-widget elementor-widget-spacer\" data-id=\"f7ec789\" data-element_type=\"widget\" data-widget_type=\"spacer.default\">\n\t\t\t\t<div class=\"elementor-widget-container\">\n\t\t\t\t\t<div class=\"elementor-spacer\">\n\t\t\t<div class=\"elementor-spacer-inner\"><\/div>\n\t\t<\/div>\n\t\t\t\t<\/div>\n\t\t\t\t<\/div>\n\t\t\t\t<div class=\"elementor-element elementor-element-b5e1e4f elementor-widget elementor-widget-image\" data-id=\"b5e1e4f\" data-element_type=\"widget\" data-widget_type=\"image.default\">\n\t\t\t\t<div class=\"elementor-widget-container\">\n\t\t\t\t\t\t\t\t\t\t\t\t\t\t\t<img decoding=\"async\" src=\"https:\/\/partnergloball.cl\/inicio\/wp-content\/uploads\/elementor\/thumbs\/justice-lawyers-businesswoman-in-suit-or-lawyer-w-2023-11-27-05-16-58-utc-scaled-e1716420425387-rif60jd60evmn43pkhozg8ekpwozedawrdawu2ew28.jpg\" title=\"Justice lawyers, Businesswoman in suit or lawyer working on a do\" alt=\"Justice lawyers, Businesswoman in suit or lawyer working on a documents. Legal law, advice and justice concept.\" \/>\t\t\t\t\t\t\t\t\t\t\t\t\t\t\t<\/div>\n\t\t\t\t<\/div>\n\t\t\t\t<div class=\"elementor-element elementor-element-c4c518d elementor-view-default elementor-widget elementor-widget-icon\" data-id=\"c4c518d\" data-element_type=\"widget\" data-widget_type=\"icon.default\">\n\t\t\t\t<div class=\"elementor-widget-container\">\n\t\t\t\t\t<div class=\"elementor-icon-wrapper\">\n\t\t\t<div class=\"elementor-icon\">\n\t\t\t<svg xmlns=\"http:\/\/www.w3.org\/2000\/svg\" id=\"Capa_2\" data-name=\"Capa 2\" viewBox=\"0 0 179 134.74\"><defs><style>\n      .cls-1 {\n        fill: #143353;\n        stroke-width: 0px;\n      }\n    <\/style><\/defs><g id=\"Capa_2-2\" data-name=\"Capa 2\"><g><path class=\"cls-1\" d=\"M64.59,120.44c-.1-.25-.21-.5-.33-.74-.02-.05-.04-.09-.06-.14-.15-.3-.3-.59-.47-.87-.06-.1-.13-.2-.2-.31-.11-.18-.22-.35-.34-.52-.08-.11-.17-.22-.25-.33-.11-.15-.23-.3-.35-.45-.09-.11-.19-.22-.29-.33-.12-.14-.24-.27-.36-.4-.1-.11-.21-.21-.32-.32-.13-.12-.25-.25-.39-.36-.11-.1-.23-.2-.34-.29-.13-.11-.27-.22-.41-.33-.12-.09-.24-.18-.37-.27-.14-.1-.29-.2-.43-.3-.13-.08-.25-.16-.38-.24-.15-.09-.3-.18-.46-.26-.13-.07-.26-.14-.4-.21-.16-.08-.32-.16-.48-.23-.14-.06-.27-.12-.41-.18-.17-.07-.34-.13-.51-.2-.14-.05-.27-.1-.41-.15-.18-.06-.36-.11-.54-.16-.14-.04-.27-.08-.41-.11-.19-.05-.39-.08-.58-.12-.13-.03-.26-.06-.39-.08-.22-.04-.44-.06-.66-.08-.11-.01-.22-.03-.33-.04-.33-.03-.67-.04-1.01-.04H14.92c-.34,0-.68.02-1.01.04-.11,0-.22.03-.34.04-.22.02-.44.05-.66.08-.13.02-.26.05-.4.08-.19.04-.39.07-.58.12-.14.03-.28.08-.41.11-.18.05-.36.1-.54.16-.14.05-.28.1-.42.15-.17.06-.34.12-.5.19-.14.06-.28.12-.41.18-.16.07-.32.15-.48.23-.14.07-.27.14-.4.21-.15.08-.3.17-.45.26-.13.08-.26.16-.39.25-.15.1-.29.19-.43.29-.12.09-.25.18-.37.27-.14.11-.27.22-.41.33-.12.1-.23.2-.35.3-.13.12-.26.24-.38.36-.11.11-.22.21-.32.32-.12.13-.24.26-.36.4-.1.11-.2.22-.29.34-.12.14-.23.29-.34.44-.09.12-.18.23-.26.35-.11.16-.22.33-.32.49-.07.11-.15.23-.22.34-.12.2-.22.4-.33.61-.05.09-.1.18-.14.27-.14.29-.28.6-.4.9-1.71.3-3.01,1.8-3.01,3.59v10.66h68v-10.66c0-1.93-1.51-3.51-3.41-3.64ZM52.7,115.37c.4,0,.8.03,1.2.08.07,0,.14.02.22.03.38.06.75.13,1.11.23.07.02.14.04.21.06.38.11.74.24,1.1.39,0,0,0,0,0,0,.36.15.7.33,1.03.53.06.04.12.07.18.11.32.19.63.41.92.63.06.04.11.09.17.14.3.24.59.5.86.77,0,0,.02.02.03.03.26.27.51.56.74.86.04.06.09.11.13.17.22.3.42.62.61.94.02.03.03.06.04.08H6.36s.03-.06.04-.08c.19-.33.39-.64.61-.94.04-.06.09-.12.13-.17.23-.3.47-.59.74-.86,0,0,.02-.02.02-.03.27-.28.56-.53.86-.77.06-.05.11-.09.17-.14.3-.23.6-.44.92-.63.06-.04.12-.07.18-.11.33-.19.68-.37,1.03-.53,0,0,0,0,0,0,.36-.15.73-.28,1.1-.39.07-.02.14-.04.21-.06.36-.1.74-.18,1.11-.23.07-.01.14-.02.22-.03.4-.05.79-.08,1.2-.08h37.77ZM65,131.74H3v-7.66c0-.35.29-.64.64-.64h60.71c.35,0,.64.29.64.64v7.66Z\"><\/path><path class=\"cls-1\" d=\"M159.18,70.39c-.02-.22-.06-.44-.1-.65,0-.02-.01-.05-.02-.07-.05-.2-.1-.41-.16-.6-.01-.04-.03-.09-.05-.13-.06-.17-.12-.34-.2-.51-.03-.07-.07-.14-.1-.21-.06-.13-.13-.26-.2-.39-.05-.09-.11-.18-.17-.28-.06-.1-.12-.19-.19-.29-.07-.11-.15-.21-.23-.31-.06-.07-.12-.15-.18-.22-.09-.11-.19-.21-.28-.31-.06-.06-.12-.12-.18-.18-.05-.05-.1-.1-.15-.15-.05-.05-.11-.09-.17-.13-.07-.06-.14-.11-.21-.17-.1-.08-.21-.16-.32-.24-.09-.06-.19-.12-.28-.18-.09-.06-.18-.11-.27-.17-.13-.08-.27-.15-.41-.21-.06-.03-.12-.06-.18-.08-.19-.08-.39-.16-.58-.23-.02,0-.03-.01-.04-.02-.65-.21-1.34-.34-2.05-.35-.02,0-.03,0-.05,0-.02,0-.03,0-.05,0-.16,0-.32.01-.48.02-.06,0-.13,0-.19,0,0,0-.01,0-.02,0-.07,0-.13.02-.2.03-.15.02-.31.04-.46.07-.2.04-.4.09-.59.15,0,0,0,0,0,0-2.85.84-4.93,3.47-4.93,6.58v55.19c0,3.11,2.08,5.74,4.92,6.58.03,0,.07.02.1.03.16.05.33.09.49.12.2.04.4.07.61.09.01,0,.03,0,.04,0,0,0,.02,0,.03,0,.22.02.44.03.66.03,0,0,0,0,0,0,0,0,0,0,0,0,.05,0,.1,0,.15,0,.17,0,.33,0,.5-.02.14-.01.27-.04.4-.06.08-.01.16-.02.24-.04.14-.03.28-.06.42-.1.07-.02.14-.03.21-.05.13-.04.26-.08.39-.13.08-.03.16-.06.24-.09.11-.04.22-.09.33-.14.1-.04.19-.09.29-.14.08-.04.17-.09.25-.14.11-.07.23-.13.34-.21.06-.04.12-.08.18-.12.12-.09.25-.18.37-.27.05-.04.09-.07.14-.11.06-.05.13-.1.19-.15.05-.05.1-.1.15-.15.06-.06.12-.12.18-.18.1-.1.19-.21.28-.31.06-.07.12-.14.17-.22.08-.1.16-.21.23-.31.06-.09.12-.19.18-.28.06-.09.12-.19.17-.28.07-.13.13-.26.2-.39.03-.07.07-.14.1-.22.07-.17.13-.34.19-.51.02-.04.03-.09.05-.13.06-.2.12-.4.16-.6,0-.02.01-.05.02-.07.04-.21.08-.42.1-.64,0-.02,0-.04.01-.06.02-.24.04-.47.04-.72v-55.19c0-.24-.01-.48-.04-.72,0-.02,0-.04,0-.06ZM156.14,127.15s-.03.09-.04.14c-.05.2-.11.41-.19.6-.04.09-.09.16-.13.24-.07.14-.15.29-.24.42-.07.1-.15.18-.23.27-.09.11-.17.21-.27.31-.09.09-.2.17-.3.25-.1.08-.19.15-.29.22-.13.08-.26.15-.39.21-.09.04-.18.09-.28.13-.15.06-.3.1-.46.14-.1.02-.2.05-.3.06-.15.03-.3.04-.46.05-.12,0-.24,0-.37,0-.14,0-.28-.02-.42-.04-.12-.02-.23-.04-.34-.07-.1-.03-.21-.06-.31-.1-.17-.06-.34-.12-.49-.21,0,0-.02,0-.02-.01-1.25-.68-2.1-2.08-2.1-3.65v-54.72c0-1.57.85-2.97,2.1-3.65,0,0,.01,0,.02-.01.16-.09.33-.15.5-.21.1-.03.2-.07.3-.09.12-.03.24-.05.36-.07.19-.03.39-.06.59-.06h0c.26,0,.51.03.75.08.06.01.11.03.17.05.18.05.37.1.54.17.07.03.13.07.19.1.15.07.3.15.45.24.07.05.14.11.22.16.12.09.24.18.34.28.1.1.19.21.28.32.07.09.15.17.22.26.09.14.17.28.24.43.04.08.09.16.13.24.08.19.14.4.19.6.01.05.03.09.04.14.05.26.08.53.08.79v55.19c0,.27-.03.53-.08.79Z\"><\/path><path class=\"cls-1\" d=\"M175.88,49.62c-3.76-2.61-7.53-5.22-11.3-7.83l-8.46-5.86c-16.65-11.55-33.3-23.1-49.95-34.66-2.46-1.7-5.41-1.69-7.91.04l-39.59,27.46-.54-.72c-1.29-1.71-3.16-2.81-5.27-3.1-2.11-.3-4.22.25-5.92,1.53l-2.64,1.99c-.74.56-1.22,1.37-1.35,2.29-.13.92.11,1.83.66,2.57l.05.06-24.79,18.68-.57-.75c-1.1-1.46-3.17-1.75-4.63-.65l-2.77,2.08c-3.52,2.65-4.22,7.67-1.57,11.19l11.56,15.34c2.65,3.52,7.67,4.22,11.19,1.57l2.69-2.03c1.07-.81,1.53-2.13,1.29-3.36l9.06-6.82,3.38,4.48c-.91.87-1.49,2.04-1.63,3.29-.17,1.49.27,2.94,1.23,4.09,1.67,1.99,4.54,2.43,6.84,1.17l2.33,3.08c-.98,1.4-1.05,3.3-.03,4.79l18.99,27.78c1.45,2.12,3.64,3.52,6.18,3.93.51.08,1.03.13,1.54.13,2,0,3.94-.65,5.58-1.88l.55-.42c2.04-1.54,3.33-3.79,3.64-6.33.3-2.54-.42-5.03-2.04-7.01l-21.32-26.05c-1.34-1.64-3.64-2-5.41-.94l-2.37-3.15c.07-.11.13-.23.2-.35.05-.09.11-.18.16-.28.11-.23.21-.47.29-.72.02-.05.04-.09.05-.14.09-.29.14-.59.18-.89.01-.09,0-.19.02-.28.01-.21.02-.42,0-.64,0-.11-.02-.22-.03-.34-.02-.2-.06-.39-.1-.59-.03-.11-.05-.22-.08-.33-.06-.2-.14-.4-.22-.6-.04-.09-.07-.19-.12-.28-.14-.28-.3-.56-.5-.82-.2-.26-.42-.49-.65-.7-.08-.07-.16-.13-.24-.2-.16-.13-.33-.26-.5-.37-.1-.07-.21-.12-.31-.18-.17-.09-.34-.17-.51-.25-.11-.05-.23-.09-.34-.13-.19-.06-.38-.11-.57-.15-.11-.02-.21-.05-.32-.07-.29-.05-.59-.07-.89-.07-.07,0-.13.01-.2.02-.24,0-.48.03-.72.07-.11.02-.22.05-.33.08-.13.03-.25.05-.38.09l-3.54-4.7,8.33-6.27c1.21.97,2.96,1.04,4.25.06l2.64-1.99c1.71-1.28,2.81-3.16,3.1-5.27.3-2.11-.25-4.22-1.53-5.92l-2.92-3.87,34.67-24.04c.47-.33,1.11-.33,1.58,0l38.11,26.43c9.01,6.25,18.03,12.5,27.04,18.76,1.33.92,2.66,1.38,4.06,1.39h.11s.11-.01.11-.01c.11-.01.22-.03.34-.04.31-.03.66-.07,1.04-.16,2.75-.71,4.55-2.6,5.06-5.32.51-2.75-.55-5.21-3-6.9ZM32.97,76.42l-2.69,2.03c-2.2,1.66-5.33,1.22-6.99-.98l-11.56-15.34c-1.66-2.2-1.22-5.33.98-6.99l2.77-2.08c.14-.1.33-.07.43.06l1.5,1.98,14.74,19.56h0l.9,1.2c.13.18.1.43-.08.57ZM50.87,71.28l-1.68-2.22-1.68-2.22,2.98-2.24,3.35,4.45-2.98,2.24ZM50.4,78.56c-.43-.51-.62-1.16-.55-1.82.08-.66.41-1.24.94-1.65l5.72-4.31.28-.18c1.05-.69,2.46-.44,3.21.55.75.99.59,2.42-.35,3.24l-.26.22-5.02,3.79-.52.39c-1.1.83-2.65.72-3.45-.24ZM59.29,82.45l-1.92-2.55,2.98-2.24,1.92,2.55-2.98,2.24ZM67.07,81.14c.35,0,.7.15.95.45l21.32,26.05c1.1,1.34,1.59,3.03,1.38,4.75-.21,1.72-1.08,3.24-2.46,4.29l-.55.42c-1.39,1.05-3.11,1.47-4.82,1.19-1.72-.28-3.2-1.23-4.19-2.67l-18.99-27.78c-.37-.54-.25-1.27.27-1.67l6.35-4.79c.22-.17.48-.25.74-.25ZM51.1,60.38l-.02-.02-6.58,4.96-1.2.94-8.75,6.6-13.86-18.4,24.79-18.68,2,2.66,6.3,8.36,5.57,7.38-8.23,6.2ZM67.29,45.19c.8,1.06,1.14,2.38.96,3.7s-.87,2.49-1.94,3.29l-2.64,1.99c-.14.1-.27.1-.35.09-.09-.01-.21-.05-.31-.18l-1.29-1.72h0s-5.56-7.38-5.56-7.38l-6.3-8.36-2-2.66h0l-.57-.76-.33-.44h0l-.95-1.26c-.1-.13-.1-.27-.09-.35.01-.09.05-.21.18-.31l2.64-1.99c1.07-.8,2.38-1.14,3.7-.96,1.32.19,2.49.87,3.29,1.94l2.28,3.02h0l3.71,4.92,2.59,3.43h0s2.98,3.96,2.98,3.96ZM175.92,55.98c-.29,1.58-1.23,2.55-2.86,2.97-.19.05-.39.06-.59.08-.1,0-.21.02-.31.03-.76-.03-1.49-.3-2.29-.86-9.01-6.26-18.03-12.51-27.04-18.76l-38.11-26.43s0,0,0,0l-.02-.02c-.97-.67-1.72-1.01-2.47-1.01s-1.51.34-2.49,1.02c0,0,0,0-.01,0l-29.39,20.38-5.37,3.72-1.43-1.9-3.06-4.06L99.97,3.77c1.46-1.02,3.06-1.03,4.48-.04,16.65,11.56,33.3,23.11,49.95,34.66l8.46,5.86c3.77,2.61,7.53,5.22,11.29,7.83,1.5,1.04,2.06,2.28,1.76,3.89Z\"><\/path><\/g><\/g><\/svg>\t\t\t<\/div>\n\t\t<\/div>\n\t\t\t\t<\/div>\n\t\t\t\t<\/div>\n\t\t\t\t<div class=\"elementor-element elementor-element-bb36fa5 elementor-widget elementor-widget-heading\" data-id=\"bb36fa5\" data-element_type=\"widget\" data-widget_type=\"heading.default\">\n\t\t\t\t<div class=\"elementor-widget-container\">\n\t\t\t<h2 class=\"elementor-heading-title elementor-size-default\">\u00c1REA JUR\u00cdDICA<\/h2>\t\t<\/div>\n\t\t\t\t<\/div>\n\t\t\t\t<div class=\"elementor-element elementor-element-c07f97d elementor-widget-divider--view-line elementor-widget elementor-widget-divider\" data-id=\"c07f97d\" data-element_type=\"widget\" data-widget_type=\"divider.default\">\n\t\t\t\t<div class=\"elementor-widget-container\">\n\t\t\t\t\t<div class=\"elementor-divider\">\n\t\t\t<span class=\"elementor-divider-separator\">\n\t\t\t\t\t\t<\/span>\n\t\t<\/div>\n\t\t\t\t<\/div>\n\t\t\t\t<\/div>\n\t\t\t\t\t<\/div>\n\t\t<\/div>\n\t\t\t\t\t\t\t<\/div>\n\t\t<\/section>\n\t\t\t\t<section class=\"elementor-section elementor-top-section elementor-element elementor-element-b63bbfc elementor-section-boxed elementor-section-height-default elementor-section-height-default\" data-id=\"b63bbfc\" data-element_type=\"section\">\n\t\t\t\t\t\t<div class=\"elementor-container elementor-column-gap-custom\">\n\t\t\t\t\t<div class=\"elementor-column elementor-col-33 elementor-top-column elementor-element elementor-element-eb36ac2\" data-id=\"eb36ac2\" data-element_type=\"column\">\n\t\t\t<div class=\"elementor-widget-wrap elementor-element-populated\">\n\t\t\t\t\t\t\t\t<div class=\"elementor-element elementor-element-8e5757a elementor-view-default elementor-widget elementor-widget-icon\" data-id=\"8e5757a\" data-element_type=\"widget\" data-widget_type=\"icon.default\">\n\t\t\t\t<div class=\"elementor-widget-container\">\n\t\t\t\t\t<div class=\"elementor-icon-wrapper\">\n\t\t\t<div class=\"elementor-icon\">\n\t\t\t<i aria-hidden=\"true\" class=\"fas fa-balance-scale\"><\/i>\t\t\t<\/div>\n\t\t<\/div>\n\t\t\t\t<\/div>\n\t\t\t\t<\/div>\n\t\t\t\t<div class=\"elementor-element elementor-element-8d36bbd elementor-widget elementor-widget-heading\" data-id=\"8d36bbd\" data-element_type=\"widget\" data-widget_type=\"heading.default\">\n\t\t\t\t<div class=\"elementor-widget-container\">\n\t\t\t<h2 class=\"elementor-heading-title elementor-size-default\">ASESOR\u00cdA LEGAL<\/h2>\t\t<\/div>\n\t\t\t\t<\/div>\n\t\t\t\t<div class=\"elementor-element elementor-element-e0d69bc elementor-widget elementor-widget-text-editor\" data-id=\"e0d69bc\" data-element_type=\"widget\" data-widget_type=\"text-editor.default\">\n\t\t\t\t<div class=\"elementor-widget-container\">\n\t\t\t\t\t\t\t<p>Contamos con abogados y abogadas expertas en&nbsp;<strong>derecho administrativo<\/strong>&nbsp;(compras p\u00fablicas, sumarios, demandas al Estado, otros);&nbsp;<strong>Derecho de familia<\/strong>&nbsp;(divorcios y pensi\u00f3n de alimentos); sucesorio;&nbsp;<strong>derecho laboral<\/strong>&nbsp;(despidos, tutela laboral y desafueros, entre otros);&nbsp;<strong>Civiles<\/strong>&nbsp;(arriendos, cambio de nombre, herencias, entre otros) y&nbsp;<strong>derecho minero<\/strong>.<\/p>\t\t\t\t\t\t<\/div>\n\t\t\t\t<\/div>\n\t\t\t\t\t<\/div>\n\t\t<\/div>\n\t\t\t\t<div class=\"elementor-column elementor-col-33 elementor-top-column elementor-element elementor-element-b12d3e6\" data-id=\"b12d3e6\" data-element_type=\"column\">\n\t\t\t<div class=\"elementor-widget-wrap elementor-element-populated\">\n\t\t\t\t\t\t\t\t<div class=\"elementor-element elementor-element-b1c2bdb elementor-view-default elementor-widget elementor-widget-icon\" data-id=\"b1c2bdb\" data-element_type=\"widget\" data-widget_type=\"icon.default\">\n\t\t\t\t<div class=\"elementor-widget-container\">\n\t\t\t\t\t<div class=\"elementor-icon-wrapper\">\n\t\t\t<div class=\"elementor-icon\">\n\t\t\t<i aria-hidden=\"true\" class=\"fas fa-home\"><\/i>\t\t\t<\/div>\n\t\t<\/div>\n\t\t\t\t<\/div>\n\t\t\t\t<\/div>\n\t\t\t\t<div class=\"elementor-element elementor-element-edb7b9d elementor-widget elementor-widget-heading\" data-id=\"edb7b9d\" data-element_type=\"widget\" data-widget_type=\"heading.default\">\n\t\t\t\t<div class=\"elementor-widget-container\">\n\t\t\t<h2 class=\"elementor-heading-title elementor-size-default\">PROPIEDADES<\/h2>\t\t<\/div>\n\t\t\t\t<\/div>\n\t\t\t\t<div class=\"elementor-element elementor-element-cc4b152 elementor-widget elementor-widget-text-editor\" data-id=\"cc4b152\" data-element_type=\"widget\" data-widget_type=\"text-editor.default\">\n\t\t\t\t<div class=\"elementor-widget-container\">\n\t\t\t\t\t\t\t<p>Nuestra misi\u00f3n como equipo dedicado exclusivamente a la gesti\u00f3n inmobiliaria, es entregarle confianza y un trabajo personalizado en todas nuestras propiedades.<\/p>\n<p>Es por eso que contamos con un equipo de profesionales certificados en Acop c\u00e1mara nacional de servicios inmobiliarios, que cubre todas las \u00e1reas del pa\u00eds, en ventas, arriendos y administraciones de su propiedad.<\/p>\n<p>La confianza se demuestra principalmente, sin exigir a nuestros clientes ning\u00fan tipo de exclusividad, si no mas bien, trabajo en equipo, donde ambas partes podemos gestionar la venta, con el \u00fanico prop\u00f3sito en com\u00fan es concluir la gesti\u00f3n comercial, brindando asesor\u00eda constante.<\/p>\t\t\t\t\t\t<\/div>\n\t\t\t\t<\/div>\n\t\t\t\t<div class=\"elementor-element elementor-element-9864048 elementor-widget elementor-widget-text-editor\" data-id=\"9864048\" data-element_type=\"widget\" data-widget_type=\"text-editor.default\">\n\t\t\t\t<div class=\"elementor-widget-container\">\n\t\t\t\t\t\t\t<p>Tenemos distintos tipos de inmuebles:\u00a0<\/p><p>CASAS- PARCELAS- LOCALES- SITIOS- DEPARTAMENTOS- OFICINAS.<\/p>\t\t\t\t\t\t<\/div>\n\t\t\t\t<\/div>\n\t\t\t\t<div class=\"elementor-element elementor-element-733e66a elementor-align-left elementor-widget elementor-widget-button\" data-id=\"733e66a\" data-element_type=\"widget\" data-widget_type=\"button.default\">\n\t\t\t\t<div class=\"elementor-widget-container\">\n\t\t\t\t\t<div class=\"elementor-button-wrapper\">\n\t\t\t<a href=\"http:\/\/partnergloball.cl\/inicio\/properties-2\/\" class=\"elementor-button-link elementor-button elementor-size-lg\" role=\"button\">\n\t\t\t\t\t\t<span class=\"elementor-button-content-wrapper\">\n\t\t\t\t\t\t<span class=\"elementor-button-icon elementor-align-icon-left\">\n\t\t\t\t<i aria-hidden=\"true\" class=\"fas fa-home\"><\/i>\t\t\t<\/span>\n\t\t\t\t\t\t<span class=\"elementor-button-text\">Ver las Propiedades<\/span>\n\t\t<\/span>\n\t\t\t\t\t<\/a>\n\t\t<\/div>\n\t\t\t\t<\/div>\n\t\t\t\t<\/div>\n\t\t\t\t\t<\/div>\n\t\t<\/div>\n\t\t\t\t<div class=\"elementor-column elementor-col-33 elementor-top-column elementor-element elementor-element-0c51a0e\" data-id=\"0c51a0e\" data-element_type=\"column\">\n\t\t\t<div class=\"elementor-widget-wrap elementor-element-populated\">\n\t\t\t\t\t\t\t\t<div class=\"elementor-element elementor-element-8b23901 elementor-view-default elementor-widget elementor-widget-icon\" data-id=\"8b23901\" data-element_type=\"widget\" data-widget_type=\"icon.default\">\n\t\t\t\t<div class=\"elementor-widget-container\">\n\t\t\t\t\t<div class=\"elementor-icon-wrapper\">\n\t\t\t<div class=\"elementor-icon\">\n\t\t\t<i aria-hidden=\"true\" class=\"fas fa-project-diagram\"><\/i>\t\t\t<\/div>\n\t\t<\/div>\n\t\t\t\t<\/div>\n\t\t\t\t<\/div>\n\t\t\t\t<div class=\"elementor-element elementor-element-af9d01d elementor-widget elementor-widget-heading\" data-id=\"af9d01d\" data-element_type=\"widget\" data-widget_type=\"heading.default\">\n\t\t\t\t<div class=\"elementor-widget-container\">\n\t\t\t<h2 class=\"elementor-heading-title elementor-size-default\">PROYECTOS<\/h2>\t\t<\/div>\n\t\t\t\t<\/div>\n\t\t\t\t<div class=\"elementor-element elementor-element-c603253 elementor-widget elementor-widget-text-editor\" data-id=\"c603253\" data-element_type=\"widget\" data-widget_type=\"text-editor.default\">\n\t\t\t\t<div class=\"elementor-widget-container\">\n\t\t\t\t\t\t\t\t\t\t\t\t\t<\/div>\n\t\t\t\t<\/div>\n\t\t\t\t<div class=\"elementor-element elementor-element-6574d66 elementor-widget elementor-widget-text-editor\" data-id=\"6574d66\" data-element_type=\"widget\" data-widget_type=\"text-editor.default\">\n\t\t\t\t<div class=\"elementor-widget-container\">\n\t\t\t\t\t\t\t\t\t\t\t\t\t<\/div>\n\t\t\t\t<\/div>\n\t\t\t\t\t<\/div>\n\t\t<\/div>\n\t\t\t\t\t\t\t<\/div>\n\t\t<\/section>\n\t\t\t\t\t\t<\/div>\n\t\t\t\t\t<\/div>\n\t\t","protected":false},"excerpt":{"rendered":"<p>\u00c1REA JUR\u00cdDICA ASESOR\u00cdA LEGAL Contamos con abogados y abogadas expertas en&nbsp;derecho administrativo&nbsp;(compras p\u00fablicas, sumarios, demandas al Estado, otros);&nbsp;Derecho de familia&nbsp;(divorcios y pensi\u00f3n de alimentos); sucesorio;&nbsp;derecho laboral&nbsp;(despidos, tutela laboral y desafueros, entre otros);&nbsp;Civiles&nbsp;(arriendos, cambio de nombre, herencias, entre otros) y&nbsp;derecho minero. PROPIEDADES Nuestra misi\u00f3n como equipo dedicado exclusivamente a la gesti\u00f3n inmobiliaria, es entregarle confianza y [&hellip;]<\/p>\n","protected":false},"author":1,"featured_media":0,"parent":0,"menu_order":0,"comment_status":"closed","ping_status":"closed","template":"","meta":{"footnotes":""},"class_list":["post-9310","page","type-page","status-publish","hentry"],"_links":{"self":[{"href":"https:\/\/partnergloball.cl\/inicio\/wp-json\/wp\/v2\/pages\/9310","targetHints":{"allow":["GET"]}}],"collection":[{"href":"https:\/\/partnergloball.cl\/inicio\/wp-json\/wp\/v2\/pages"}],"about":[{"href":"https:\/\/partnergloball.cl\/inicio\/wp-json\/wp\/v2\/types\/page"}],"author":[{"embeddable":true,"href":"https:\/\/partnergloball.cl\/inicio\/wp-json\/wp\/v2\/users\/1"}],"replies":[{"embeddable":true,"href":"https:\/\/partnergloball.cl\/inicio\/wp-json\/wp\/v2\/comments?post=9310"}],"version-history":[{"count":100,"href":"https:\/\/partnergloball.cl\/inicio\/wp-json\/wp\/v2\/pages\/9310\/revisions"}],"predecessor-version":[{"id":11262,"href":"https:\/\/partnergloball.cl\/inicio\/wp-json\/wp\/v2\/pages\/9310\/revisions\/11262"}],"wp:attachment":[{"href":"https:\/\/partnergloball.cl\/inicio\/wp-json\/wp\/v2\/media?parent=9310"}],"curies":[{"name":"wp","href":"https:\/\/api.w.org\/{rel}","templated":true}]}}