{"id":9291,"date":"2016-01-27T12:10:50","date_gmt":"2016-01-27T15:10:50","guid":{"rendered":"http:\/\/integralqueen.com\/inicio\/?page_id=9291"},"modified":"2024-06-02T23:42:51","modified_gmt":"2024-06-03T02:42:51","slug":"cleaning-safety","status":"publish","type":"page","link":"https:\/\/partnergloball.cl\/inicio\/cleaning-safety\/","title":{"rendered":"Merchandising"},"content":{"rendered":"\t\t<div data-elementor-type=\"wp-page\" data-elementor-id=\"9291\" class=\"elementor elementor-9291\" data-elementor-settings=\"[]\">\n\t\t\t\t\t\t\t<div class=\"elementor-section-wrap\">\n\t\t\t\t\t\t\t<section class=\"elementor-section elementor-top-section elementor-element elementor-element-6b56714 elementor-section-boxed elementor-section-height-default elementor-section-height-default\" data-id=\"6b56714\" data-element_type=\"section\">\n\t\t\t\t\t\t<div class=\"elementor-container elementor-column-gap-default\">\n\t\t\t\t\t<div class=\"elementor-column elementor-col-100 elementor-top-column elementor-element elementor-element-807fc07\" data-id=\"807fc07\" data-element_type=\"column\">\n\t\t\t<div class=\"elementor-widget-wrap elementor-element-populated\">\n\t\t\t\t\t\t\t\t<div class=\"elementor-element elementor-element-79e56df elementor-widget elementor-widget-spacer\" data-id=\"79e56df\" data-element_type=\"widget\" data-widget_type=\"spacer.default\">\n\t\t\t\t<div class=\"elementor-widget-container\">\n\t\t\t\t\t<div class=\"elementor-spacer\">\n\t\t\t<div class=\"elementor-spacer-inner\"><\/div>\n\t\t<\/div>\n\t\t\t\t<\/div>\n\t\t\t\t<\/div>\n\t\t\t\t\t<\/div>\n\t\t<\/div>\n\t\t\t\t\t\t\t<\/div>\n\t\t<\/section>\n\t\t\t\t<section class=\"elementor-section elementor-top-section elementor-element elementor-element-e6c66ff elementor-section-boxed elementor-section-height-default elementor-section-height-default\" data-id=\"e6c66ff\" data-element_type=\"section\" id=\"services\" data-settings=\"{&quot;background_background&quot;:&quot;classic&quot;}\">\n\t\t\t\t\t\t<div class=\"elementor-container elementor-column-gap-default\">\n\t\t\t\t\t<div class=\"elementor-column elementor-col-100 elementor-top-column elementor-element elementor-element-85a474b\" data-id=\"85a474b\" data-element_type=\"column\">\n\t\t\t<div class=\"elementor-widget-wrap elementor-element-populated\">\n\t\t\t\t\t\t\t\t<div class=\"elementor-element elementor-element-131dd08 elementor-widget elementor-widget-spacer\" data-id=\"131dd08\" data-element_type=\"widget\" data-widget_type=\"spacer.default\">\n\t\t\t\t<div class=\"elementor-widget-container\">\n\t\t\t\t\t<div class=\"elementor-spacer\">\n\t\t\t<div class=\"elementor-spacer-inner\"><\/div>\n\t\t<\/div>\n\t\t\t\t<\/div>\n\t\t\t\t<\/div>\n\t\t\t\t<div class=\"elementor-element elementor-element-0ece420 elementor-view-default elementor-widget elementor-widget-icon\" data-id=\"0ece420\" data-element_type=\"widget\" data-widget_type=\"icon.default\">\n\t\t\t\t<div class=\"elementor-widget-container\">\n\t\t\t\t\t<div class=\"elementor-icon-wrapper\">\n\t\t\t<div class=\"elementor-icon\">\n\t\t\t<svg xmlns=\"http:\/\/www.w3.org\/2000\/svg\" id=\"Capa_2\" data-name=\"Capa 2\" viewBox=\"0 0 157.97 144.34\"><defs><style>\n      .cls-1 {\n        fill: #b29b83;\n        stroke-width: 0px;\n      }\n    <\/style><\/defs><g id=\"Capa_2-2\" data-name=\"Capa 2\"><g><g><path class=\"cls-1\" d=\"M56.07,48.5c-.21,0-.43-.05-.63-.14-8.77-4.06-17.3-4.07-26.05-.03-.55.25-1.19.16-1.64-.25-.45-.4-.61-1.04-.41-1.6.7-2.03,1.43-4.12,2.78-5.93.31-.41.69-.73,1.18-.97,7.36-3.68,14.81-3.69,22.14-.01,1.07.53,1.59,1.45,2,2.19.35.62.68,1.29,1.05,2.19.23.54.43,1.08.65,1.69l.31.84c.22.57.07,1.21-.38,1.63-.28.26-.65.4-1.02.4ZM42.38,42.34c3.67,0,7.34.65,11,1.95-.18-.39-.35-.72-.52-1.02-.27-.48-.5-.88-.75-1-6.54-3.27-12.9-3.27-19.46,0-.09.05-.11.07-.13.09-.43.58-.8,1.23-1.12,1.92,3.65-1.29,7.31-1.94,10.97-1.94Z\"><\/path><path class=\"cls-1\" d=\"M26.81,80h-.02c-2.15-.01-4.31,0-6.46,0h-.01c-1.32,0-1.92-.94-1.92-1.87-.03-7.5.12-15.48,2.41-23.38,1.48-5.14,3.75-9.19,6.92-12.39.78-.79,1.6-1.5,2.42-2.1.61-.45,1.46-.37,1.98.18l.13.14c.39.42.51,1.03.3,1.57l-.29.73c-.19.48-.39.97-.56,1.46-1.45,4.22-2.42,8.82-2.97,14.06-.66,6.24-.68,12.62-.05,19.5.02.23.08.95-.45,1.52-.35.38-.82.57-1.41.57ZM27.78,46.89c-1.76,2.41-3.11,5.27-4.1,8.69-2.06,7.13-2.3,14.46-2.29,21.41,1.4,0,2.8,0,4.19,0-.53-6.65-.48-12.84.16-18.91.43-4.06,1.1-7.75,2.04-11.2ZM31.15,41.61h0,0Z\"><\/path><path class=\"cls-1\" d=\"M58.23,80c-.59,0-1.06-.19-1.41-.57-.53-.58-.47-1.29-.45-1.52.62-6.89.61-13.27-.05-19.51-.55-5.25-1.53-9.85-2.97-14.06-.17-.5-.37-1-.57-1.49l-.28-.71c-.21-.54-.09-1.15.3-1.57,0,0,.07-.07.07-.08.52-.55,1.43-.69,2.04-.25.82.6,1.64,1.31,2.42,2.1,3.17,3.2,5.43,7.25,6.92,12.39,2.28,7.9,2.44,15.88,2.4,23.38,0,.93-.6,1.87-1.92,1.87h0c-2.16,0-4.31-.01-6.47,0h-.02ZM58.23,77h0,0ZM61.27,76.99c.79,0,1.59,0,2.38,0,0-6.95-.23-14.28-2.29-21.41-.99-3.42-2.34-6.29-4.1-8.69.94,3.45,1.61,7.14,2.04,11.2.64,6.07.69,12.27.16,18.91.61,0,1.21,0,1.82,0Z\"><\/path><\/g><path class=\"cls-1\" d=\"M151.78,115.83c-.17,0-.35-.01-.54-.03-3.44-.38-6.91-.91-10.26-1.42l-1.91-.29c-.38-.06-1.38-.21-1.92-1.07-.54-.86-.25-1.8-.14-2.15,2.27-7.38,3.88-14.13,4.91-20.64,1.26-7.98.4-13.76-2.78-18.74-.47-.73-.98-1.45-1.52-2.2-.26-.36-.52-.73-.78-1.11l-1.29-1.85,2.21-.47c.68-.15,1.28-.11,1.94.11,5.66,1.9,10.13,5.07,13.27,9.42,2.37,3.28,3.93,7.24,4.65,11.76.85,5.32,0,10.63-.76,15.31-.57,3.55-1.22,7.34-2.25,11.07-.43,1.55-1.35,2.3-2.82,2.3ZM140.05,111.2l1.39.21c3.32.51,6.75,1.03,10.13,1.4.04,0,.08,0,.11.01,0-.03.02-.06.03-.1.99-3.58,1.62-7.27,2.18-10.74.75-4.68,1.53-9.52.76-14.37-.64-4.05-2.03-7.58-4.12-10.47-2.19-3.03-5.14-5.42-8.78-7.13,4.53,7.2,4.05,14.83,3.13,20.68-1.03,6.49-2.61,13.2-4.84,20.5Z\"><\/path><path class=\"cls-1\" d=\"M138.97,114c-.35,0-.65-.06-.84-.09-11.02-2.05-22.4-5.19-35.79-9.88-4.32-1.51-9.07-2.48-14.5-2.97l.27-2.99c5.68.51,10.66,1.53,15.22,3.12,13.17,4.61,24.35,7.7,35.16,9.72,2.16-8.14,4.31-16.83,5.02-25.81.39-5.02-.85-9.69-3.8-14.28-1.5-2.34-3.66-3.99-6.41-4.9-1.81-.6-3.65-1-5.59-1.42l-.54-.12c-6.67-1.46-11.87-1.51-16.85-.15-10.66,2.91-17.51,8.72-20.94,17.77l-2.8-1.06c3.74-9.87,11.46-16.46,22.95-19.6,5.4-1.47,11.21-1.44,18.28.11l.54.12c1.94.42,3.94.86,5.9,1.51,3.42,1.13,6.11,3.19,7.99,6.12,3.27,5.09,4.71,10.52,4.26,16.14-.73,9.37-2.98,18.34-5.21,26.73-.43,1.62-1.5,1.93-2.32,1.93Z\"><\/path><path class=\"cls-1\" d=\"M74.81,105.42c-.55,0-1.07-.3-1.34-.82-.38-.74-.08-1.64.66-2.02l1.53-.78c2.09-1.06,4.18-2.12,6.27-3.18,1.07-3.3,1.81-6.72,2.53-10.02.18-.83.36-1.65.54-2.48.37-1.67.86-3.32,1.45-4.91v-.87h-17.25c-.42,0-.82-.17-1.11-.49s-.42-.73-.39-1.15c1.49-16.43,1.78-33.16.85-49.73-.26-4.59-2.6-8.22-5.4-12.16-1.78-2.49-3.95-4.81-7.04-7.5-.38-.33-.56-.82-.5-1.32.06-.5.37-.93.82-1.15,4.7-2.35,9.33-3.53,14.48-4.72,4.25-.98,7.72-1.63,10.92-2.04,2.06-.26,3.47.16,4.89,1.45,7.79,7.1,19.66,7.28,27.61.42,1.91-1.65,3.74-2.15,6.3-1.75,7.91,1.22,14.86,2.92,21.26,5.18l.26.09c.96.33,2.15.74,3.16,1.85.56.61.52,1.56-.09,2.12-3.89,3.59-6.89,7.12-9.17,10.81-1.98,3.19-3.02,6.5-3.19,10.1-.81,17.53-.3,25.27.01,29.89.1,1.45.17,2.6.17,3.62,0,.83-.67,1.5-1.5,1.5s-1.5-.67-1.5-1.5c0-.92-.07-2.02-.17-3.42-.31-4.69-.83-12.53-.01-30.23.19-4.13,1.38-7.9,3.63-11.54,2.15-3.47,4.88-6.8,8.31-10.13-.2-.08-.42-.15-.64-.23l-.28-.1c-6.22-2.2-13-3.85-20.72-5.04-1.7-.26-2.65,0-3.88,1.06-9.1,7.86-22.69,7.66-31.59-.47-.77-.7-1.28-.85-2.49-.69-3.09.39-6.47,1.02-10.62,1.98-4.2.97-8.04,1.93-11.79,3.55,2.4,2.24,4.24,4.29,5.8,6.49,2.97,4.16,5.66,8.35,5.96,13.74.9,16.17.66,32.49-.72,48.53h15.71c1.96,0,2.91.95,2.91,2.89v1.25c0,.18-.03.36-.1.53-.58,1.54-1.06,3.14-1.43,4.76-.18.82-.36,1.64-.54,2.46-.62,2.83-1.25,5.74-2.09,8.63.93.06,1.87.13,2.8.21.77.07,1.37.72,1.37,1.49v.11c0,.41-.17.8-.46,1.09s-.7.42-1.11.41c-1.26-.06-2.37-.08-3.37-.07-.14,0-.27,0-.41,0-.16,0-.4-.01-.46.01-2.21,1.12-4.42,2.24-6.63,3.36l-1.53.78c-.22.11-.45.16-.68.16Z\"><\/path><path class=\"cls-1\" d=\"M133.38,38.65c-1.46,0-2.36-.86-2.5-2.39-1-11.25,2.88-20.36,11.86-27.82.63-.53,1.46-.71,2.26-.53.8.19,1.48.76,1.81,1.52.97,2.24,1.57,4.51,2.14,6.7.22.82.43,1.64.67,2.45.32,1.11.64,2.23.95,3.35.85,3,1.73,6.1,2.69,9.1.71,2.24.03,3.74-2.1,4.61-5.8,2.37-11.79,2.69-17.58,3-.07,0-.14,0-.2,0ZM144.26,11.09c-7.78,6.64-11.19,14.68-10.42,24.54,5.47-.29,11.02-.65,16.19-2.76.37-.15.5-.26.53-.29-.01-.01-.01-.2-.15-.63h0c-.98-3.05-1.86-6.18-2.72-9.2-.32-1.11-.63-2.22-.95-3.33-.24-.84-.46-1.68-.69-2.52-.51-1.92-1.03-3.91-1.8-5.81Z\"><\/path><path class=\"cls-1\" d=\"M66.22,38.58c-.92,0-2-.11-3.3-.24-4.07-.41-8.37-.96-12.37-2.75h0c-.86-.39-3.15-1.41-2.27-4.32,2.28-7.6,4.49-15.21,6.15-20.99.21-.75.66-2.31,2.06-2.68,1.24-.33,2.31.51,3.09,1.28,3.22,3.15,5.94,6.58,8.33,10.46,2.43,3.96,2.6,8.15,2.52,10.95.14,4.01.21,6.07-1.13,7.34-.77.72-1.75.95-3.08.95ZM51.77,32.86c3.59,1.61,7.46,2.1,11.44,2.5,1.46.15,3.67.37,4.03.09.35-.37.27-2.79.18-5.14.07-2.52-.07-6.12-2.08-9.39-2.26-3.67-4.84-6.91-7.88-9.89-.04-.04-.08-.07-.11-.11-.02.06-.04.12-.06.19-1.67,5.79-3.87,13.42-6.16,21.03-.08.28-.07.38-.07.39,0-.01.15.09.69.33h0Z\"><\/path><path class=\"cls-1\" d=\"M75.7,144.34c-20.69-.02-41.38-.02-62.06,0h0c-1.04,0-1.86-.34-2.58-1.08-3.33-3.4-6.69-6.78-10.06-10.16-.67-.66-.99-1.46-.99-2.43,0-11.7,0-48.72,0-50.33,0-.81.08-1.65.7-2.28.63-.64,1.47-.73,2.28-.73h66.22s0,3,0,3H3.01c0,1.61,0,38.64,0,50.34,0,.2.03.22.11.31,3.37,3.38,6.74,6.77,10.08,10.18.15.15.2.2.45.18,20.69-.01,41.38-.01,62.07,0,.35,0,.48-.07.68-.27,3.54-3.61,6.73-6.83,9.77-9.86.26-.26.34-.43.34-.79,0-3.5,0-6.99,0-10.49v-4.94c-.87-.48-1.71-.92-2.53-1.34-2.94,1.5-5.99,3-9.49,3.42-1.82.22-4.21.36-6.67-.48-1.42-.49-2.57-1.3-3.41-2.42-1.29-1.71-1.32-3.17-1.12-4.1.14-.66.5-1.52,1.37-2.34l-.47-.1,9.97-5.06,1.36,2.68-6.01,3.05c-.3.23-.69.42-1.11.62-.32.16-.68.33-.96.49-.49.27-1.1.71-1.22,1.29-.12.57.25,1.23.59,1.67.48.64,1.13,1.09,1.99,1.38,1.46.5,3.1.6,5.33.34,3.1-.37,5.87-1.79,8.81-3.29l1.02-.52.67.33c1.32.65,2.66,1.36,4.1,2.17l.77.43v6.71c0,3.5,0,6.99,0,10.49,0,1.16-.39,2.09-1.22,2.92-3.03,3.02-6.21,6.23-9.74,9.83-.79.8-1.68,1.17-2.82,1.17Z\"><\/path><path class=\"cls-1\" d=\"M71.93,117.24c-1.29,0-2.71-.15-4.14-.65-1.42-.49-2.57-1.3-3.41-2.42-1.29-1.71-1.32-3.17-1.12-4.1.2-.93.83-2.25,2.7-3.29.85-.47,1.76-.82,2.79-1.07.22-.05.45-.06.67-.01.5.11,1,.21,1.5.31,1.62.33,3.3.67,4.94,1.14,2.75.78,5.62,1.92,8.75,3.47.51.25.83.77.83,1.34s-.31,1.09-.82,1.34l-.35.18c-3.04,1.55-6.19,3.15-9.82,3.59-.75.09-1.61.17-2.53.17ZM69.15,108.71c-.64.18-1.21.41-1.73.7-.49.27-1.1.71-1.22,1.29-.12.57.25,1.23.59,1.67h0c.48.64,1.13,1.09,1.99,1.38,1.46.5,3.1.6,5.33.34,2.24-.27,4.31-1.08,6.39-2.08-1.91-.83-3.71-1.48-5.45-1.97-1.53-.43-3.08-.75-4.72-1.09-.39-.08-.78-.16-1.17-.24Z\"><\/path><path class=\"cls-1\" d=\"M114.17,126.78c-3.52,0-6.79-1.03-9.63-2.11-4.27-1.63-8.19-3.95-11.98-6.18l-.78-.46c-1.5-.88-3.01-1.76-4.53-2.61-.72-.4-.98-1.32-.58-2.04.41-.72,1.32-.98,2.04-.58,1.54.86,3.06,1.75,4.58,2.64l.79.46c3.69,2.17,7.5,4.42,11.53,5.96,3.37,1.29,7.36,2.48,11.48,1.61,7.23-1.53,12.93-5.69,18.77-10.28-9.84-1.97-19.36-4.61-28.31-7.85-6.9-2.5-13.33-3.86-19.66-4.17-.83-.04-1.47-.74-1.43-1.57.04-.83.74-1.46,1.57-1.43,6.63.32,13.35,1.74,20.53,4.34,9.39,3.4,19.41,6.13,29.79,8.1.45.08,1.21.21,1.86.98.26.31.38.71.34,1.12-.04.4-.25.77-.56,1.02l-.73.58c-6.39,5.05-13.01,10.27-21.56,12.08-1.2.25-2.39.36-3.54.36Z\"><\/path><path class=\"cls-1\" d=\"M135.92,66.33c-.19,0-.37-.03-.55-.1-2.76-1.09-5.43-1.84-7.68-2.44-.47-.12-.85-.46-1.02-.92s-.11-.96.15-1.36c1.35-2.02,3.77-3.05,6.02-2.55,2.42.54,4.08,2.59,4.56,5.64.08.53-.13,1.07-.55,1.4-.27.22-.6.33-.94.33ZM131.83,61.83c.35.11.7.21,1.06.33-.21-.13-.44-.22-.69-.28-.12-.03-.25-.04-.37-.05Z\"><\/path><\/g><\/g><\/svg>\t\t\t<\/div>\n\t\t<\/div>\n\t\t\t\t<\/div>\n\t\t\t\t<\/div>\n\t\t\t\t<div class=\"elementor-element elementor-element-d3d1f12 elementor-widget elementor-widget-spacer\" data-id=\"d3d1f12\" data-element_type=\"widget\" data-widget_type=\"spacer.default\">\n\t\t\t\t<div class=\"elementor-widget-container\">\n\t\t\t\t\t<div class=\"elementor-spacer\">\n\t\t\t<div class=\"elementor-spacer-inner\"><\/div>\n\t\t<\/div>\n\t\t\t\t<\/div>\n\t\t\t\t<\/div>\n\t\t\t\t\t<\/div>\n\t\t<\/div>\n\t\t\t\t\t\t\t<\/div>\n\t\t<\/section>\n\t\t\t\t<section class=\"elementor-section elementor-top-section elementor-element elementor-element-d7015f0 elementor-section-boxed elementor-section-height-default elementor-section-height-default\" data-id=\"d7015f0\" data-element_type=\"section\">\n\t\t\t\t\t\t<div class=\"elementor-container elementor-column-gap-custom\">\n\t\t\t\t\t<div class=\"elementor-column elementor-col-50 elementor-top-column elementor-element elementor-element-b7ade6e\" data-id=\"b7ade6e\" data-element_type=\"column\">\n\t\t\t<div class=\"elementor-widget-wrap elementor-element-populated\">\n\t\t\t\t\t\t\t\t<div class=\"elementor-element elementor-element-463899e elementor-widget elementor-widget-heading\" data-id=\"463899e\" data-element_type=\"widget\" data-widget_type=\"heading.default\">\n\t\t\t\t<div class=\"elementor-widget-container\">\n\t\t\t<h2 class=\"elementor-heading-title elementor-size-default\">MERCHANDISING<\/h2>\t\t<\/div>\n\t\t\t\t<\/div>\n\t\t\t\t<div class=\"elementor-element elementor-element-6922ccc elementor-widget elementor-widget-image\" data-id=\"6922ccc\" data-element_type=\"widget\" data-widget_type=\"image.default\">\n\t\t\t\t<div class=\"elementor-widget-container\">\n\t\t\t\t\t\t\t\t\t\t\t\t\t\t\t\t<a href=\"https:\/\/partnergloball.cl\/inicio\/merchandising\/\">\n\t\t\t\t\t\t\t<img loading=\"lazy\" decoding=\"async\" width=\"768\" height=\"514\" src=\"https:\/\/partnergloball.cl\/inicio\/wp-content\/uploads\/2024\/05\/MERCHANDISING-PARTNERGLOBALL-768x514.png\" class=\"attachment-medium_large size-medium_large\" alt=\"\" srcset=\"https:\/\/partnergloball.cl\/inicio\/wp-content\/uploads\/2024\/05\/MERCHANDISING-PARTNERGLOBALL-768x514.png 768w, https:\/\/partnergloball.cl\/inicio\/wp-content\/uploads\/2024\/05\/MERCHANDISING-PARTNERGLOBALL-300x201.png 300w, https:\/\/partnergloball.cl\/inicio\/wp-content\/uploads\/2024\/05\/MERCHANDISING-PARTNERGLOBALL-1024x685.png 1024w, https:\/\/partnergloball.cl\/inicio\/wp-content\/uploads\/2024\/05\/MERCHANDISING-PARTNERGLOBALL-1536x1028.png 1536w, https:\/\/partnergloball.cl\/inicio\/wp-content\/uploads\/2024\/05\/MERCHANDISING-PARTNERGLOBALL.png 1864w\" sizes=\"auto, (max-width: 768px) 100vw, 768px\" \/>\t\t\t\t\t\t\t\t<\/a>\n\t\t\t\t\t\t\t\t\t\t\t\t\t\t\t<\/div>\n\t\t\t\t<\/div>\n\t\t\t\t<div class=\"elementor-element elementor-element-641d19c elementor-align-center elementor-widget elementor-widget-button\" data-id=\"641d19c\" data-element_type=\"widget\" data-widget_type=\"button.default\">\n\t\t\t\t<div class=\"elementor-widget-container\">\n\t\t\t\t\t<div class=\"elementor-button-wrapper\">\n\t\t\t<a href=\"https:\/\/partnergloball.cl\/inicio\/merchandising\/\" class=\"elementor-button-link elementor-button elementor-size-sm\" role=\"button\">\n\t\t\t\t\t\t<span class=\"elementor-button-content-wrapper\">\n\t\t\t\t\t\t<span class=\"elementor-button-text\">Haz clic aqu\u00ed<\/span>\n\t\t<\/span>\n\t\t\t\t\t<\/a>\n\t\t<\/div>\n\t\t\t\t<\/div>\n\t\t\t\t<\/div>\n\t\t\t\t\t<\/div>\n\t\t<\/div>\n\t\t\t\t<div class=\"elementor-column elementor-col-50 elementor-top-column elementor-element elementor-element-0d642ed\" data-id=\"0d642ed\" data-element_type=\"column\">\n\t\t\t<div class=\"elementor-widget-wrap elementor-element-populated\">\n\t\t\t\t\t\t\t\t<div class=\"elementor-element elementor-element-221e53b elementor-widget elementor-widget-heading\" data-id=\"221e53b\" data-element_type=\"widget\" data-widget_type=\"heading.default\">\n\t\t\t\t<div class=\"elementor-widget-container\">\n\t\t\t<h2 class=\"elementor-heading-title elementor-size-default\">PRODUCCI\u00d3N DE EVENTOS<\/h2>\t\t<\/div>\n\t\t\t\t<\/div>\n\t\t\t\t<div class=\"elementor-element elementor-element-c737258 elementor-widget elementor-widget-image\" data-id=\"c737258\" data-element_type=\"widget\" data-widget_type=\"image.default\">\n\t\t\t\t<div class=\"elementor-widget-container\">\n\t\t\t\t\t\t\t\t\t\t\t\t\t\t\t\t<a href=\"https:\/\/partnergloball.cl\/inicio\/produccion-de-eventos\/\">\n\t\t\t\t\t\t\t<img loading=\"lazy\" decoding=\"async\" width=\"768\" height=\"512\" src=\"https:\/\/partnergloball.cl\/inicio\/wp-content\/uploads\/2024\/05\/colleagues-buffet-party-brunch-dinning-concept-2023-11-27-05-23-15-utc-768x512.jpg\" class=\"attachment-medium_large size-medium_large\" alt=\"\" srcset=\"https:\/\/partnergloball.cl\/inicio\/wp-content\/uploads\/2024\/05\/colleagues-buffet-party-brunch-dinning-concept-2023-11-27-05-23-15-utc-768x512.jpg 768w, https:\/\/partnergloball.cl\/inicio\/wp-content\/uploads\/2024\/05\/colleagues-buffet-party-brunch-dinning-concept-2023-11-27-05-23-15-utc-300x200.jpg 300w, https:\/\/partnergloball.cl\/inicio\/wp-content\/uploads\/2024\/05\/colleagues-buffet-party-brunch-dinning-concept-2023-11-27-05-23-15-utc-1024x683.jpg 1024w, https:\/\/partnergloball.cl\/inicio\/wp-content\/uploads\/2024\/05\/colleagues-buffet-party-brunch-dinning-concept-2023-11-27-05-23-15-utc-1536x1024.jpg 1536w, https:\/\/partnergloball.cl\/inicio\/wp-content\/uploads\/2024\/05\/colleagues-buffet-party-brunch-dinning-concept-2023-11-27-05-23-15-utc-2048x1365.jpg 2048w\" sizes=\"auto, (max-width: 768px) 100vw, 768px\" \/>\t\t\t\t\t\t\t\t<\/a>\n\t\t\t\t\t\t\t\t\t\t\t\t\t\t\t<\/div>\n\t\t\t\t<\/div>\n\t\t\t\t<div class=\"elementor-element elementor-element-9e11a67 elementor-align-center elementor-widget elementor-widget-button\" data-id=\"9e11a67\" data-element_type=\"widget\" data-widget_type=\"button.default\">\n\t\t\t\t<div class=\"elementor-widget-container\">\n\t\t\t\t\t<div class=\"elementor-button-wrapper\">\n\t\t\t<a href=\"https:\/\/partnergloball.cl\/inicio\/produccion-de-eventos\/\" class=\"elementor-button-link elementor-button elementor-size-sm\" role=\"button\">\n\t\t\t\t\t\t<span class=\"elementor-button-content-wrapper\">\n\t\t\t\t\t\t<span class=\"elementor-button-text\">Haz clic aqu\u00ed<\/span>\n\t\t<\/span>\n\t\t\t\t\t<\/a>\n\t\t<\/div>\n\t\t\t\t<\/div>\n\t\t\t\t<\/div>\n\t\t\t\t\t<\/div>\n\t\t<\/div>\n\t\t\t\t\t\t\t<\/div>\n\t\t<\/section>\n\t\t\t\t<section class=\"elementor-section elementor-top-section elementor-element elementor-element-3040972 elementor-section-boxed elementor-section-height-default elementor-section-height-default\" data-id=\"3040972\" data-element_type=\"section\">\n\t\t\t\t\t\t<div class=\"elementor-container elementor-column-gap-custom\">\n\t\t\t\t\t<div class=\"elementor-column elementor-col-50 elementor-top-column elementor-element elementor-element-0b76397\" data-id=\"0b76397\" data-element_type=\"column\">\n\t\t\t<div class=\"elementor-widget-wrap elementor-element-populated\">\n\t\t\t\t\t\t\t\t<div class=\"elementor-element elementor-element-41d06ef elementor-view-default elementor-widget elementor-widget-icon\" data-id=\"41d06ef\" data-element_type=\"widget\" data-widget_type=\"icon.default\">\n\t\t\t\t<div class=\"elementor-widget-container\">\n\t\t\t\t\t<div class=\"elementor-icon-wrapper\">\n\t\t\t<div class=\"elementor-icon\">\n\t\t\t<i aria-hidden=\"true\" class=\"fas fa-cocktail\"><\/i>\t\t\t<\/div>\n\t\t<\/div>\n\t\t\t\t<\/div>\n\t\t\t\t<\/div>\n\t\t\t\t<div class=\"elementor-element elementor-element-53d3083 elementor-widget elementor-widget-heading\" data-id=\"53d3083\" data-element_type=\"widget\" data-widget_type=\"heading.default\">\n\t\t\t\t<div class=\"elementor-widget-container\">\n\t\t\t<h4 class=\"elementor-heading-title elementor-size-default\">BANQUETER\u00cdA<\/h4>\t\t<\/div>\n\t\t\t\t<\/div>\n\t\t\t\t<div class=\"elementor-element elementor-element-d46ddd8 elementor-widget elementor-widget-text-editor\" data-id=\"d46ddd8\" data-element_type=\"widget\" data-widget_type=\"text-editor.default\">\n\t\t\t\t<div class=\"elementor-widget-container\">\n\t\t\t\t\t\t\t<p>Contamos con chefs y cocineros de comida local e internacional, con conocimiento de m\u00faltiples posibilidades de preparaci\u00f3n de men\u00fas, ajustados a lo que solicitan nuestros clientes.<\/p>\t\t\t\t\t\t<\/div>\n\t\t\t\t<\/div>\n\t\t\t\t\t<\/div>\n\t\t<\/div>\n\t\t\t\t<div class=\"elementor-column elementor-col-50 elementor-top-column elementor-element elementor-element-ab40705\" data-id=\"ab40705\" data-element_type=\"column\">\n\t\t\t<div class=\"elementor-widget-wrap elementor-element-populated\">\n\t\t\t\t\t\t\t\t<div class=\"elementor-element elementor-element-408f127 elementor-view-default elementor-widget elementor-widget-icon\" data-id=\"408f127\" data-element_type=\"widget\" data-widget_type=\"icon.default\">\n\t\t\t\t<div class=\"elementor-widget-container\">\n\t\t\t\t\t<div class=\"elementor-icon-wrapper\">\n\t\t\t<div class=\"elementor-icon\">\n\t\t\t<i aria-hidden=\"true\" class=\"far fa-comments\"><\/i>\t\t\t<\/div>\n\t\t<\/div>\n\t\t\t\t<\/div>\n\t\t\t\t<\/div>\n\t\t\t\t<div class=\"elementor-element elementor-element-0b5c67c elementor-widget elementor-widget-heading\" data-id=\"0b5c67c\" data-element_type=\"widget\" data-widget_type=\"heading.default\">\n\t\t\t\t<div class=\"elementor-widget-container\">\n\t\t\t<h4 class=\"elementor-heading-title elementor-size-default\">SEMINARIOS<\/h4>\t\t<\/div>\n\t\t\t\t<\/div>\n\t\t\t\t<div class=\"elementor-element elementor-element-bdf079e elementor-widget elementor-widget-text-editor\" data-id=\"bdf079e\" data-element_type=\"widget\" data-widget_type=\"text-editor.default\">\n\t\t\t\t<div class=\"elementor-widget-container\">\n\t\t\t\t\t\t\t<p>Organizamos eventos acad\u00e9micos, charlas y exposiciones, otorgando las condiciones adecuadas para su realizaci\u00f3n, tales como salones, iluminaci\u00f3n, sonido, proyecci\u00f3n, alimentaci\u00f3n, video, televisi\u00f3n y materiales b\u00e1sicos, entre otros.<\/p>\t\t\t\t\t\t<\/div>\n\t\t\t\t<\/div>\n\t\t\t\t\t<\/div>\n\t\t<\/div>\n\t\t\t\t\t\t\t<\/div>\n\t\t<\/section>\n\t\t\t\t<section class=\"elementor-section elementor-top-section elementor-element elementor-element-72315b1 elementor-section-boxed elementor-section-height-default elementor-section-height-default\" data-id=\"72315b1\" data-element_type=\"section\">\n\t\t\t\t\t\t<div class=\"elementor-container elementor-column-gap-custom\">\n\t\t\t\t\t<div class=\"elementor-column elementor-col-50 elementor-top-column elementor-element elementor-element-1740ac6\" data-id=\"1740ac6\" data-element_type=\"column\">\n\t\t\t<div class=\"elementor-widget-wrap elementor-element-populated\">\n\t\t\t\t\t\t\t\t<div class=\"elementor-element elementor-element-f71239f elementor-view-default elementor-widget elementor-widget-icon\" data-id=\"f71239f\" data-element_type=\"widget\" data-widget_type=\"icon.default\">\n\t\t\t\t<div class=\"elementor-widget-container\">\n\t\t\t\t\t<div class=\"elementor-icon-wrapper\">\n\t\t\t<div class=\"elementor-icon\">\n\t\t\t<i aria-hidden=\"true\" class=\"fas fa-medal\"><\/i>\t\t\t<\/div>\n\t\t<\/div>\n\t\t\t\t<\/div>\n\t\t\t\t<\/div>\n\t\t\t\t<div class=\"elementor-element elementor-element-9b25091 elementor-widget elementor-widget-heading\" data-id=\"9b25091\" data-element_type=\"widget\" data-widget_type=\"heading.default\">\n\t\t\t\t<div class=\"elementor-widget-container\">\n\t\t\t<h4 class=\"elementor-heading-title elementor-size-default\">EVENTOS ART\u00cdSTICOS<\/h4>\t\t<\/div>\n\t\t\t\t<\/div>\n\t\t\t\t<div class=\"elementor-element elementor-element-09a05d3 elementor-widget elementor-widget-text-editor\" data-id=\"09a05d3\" data-element_type=\"widget\" data-widget_type=\"text-editor.default\">\n\t\t\t\t<div class=\"elementor-widget-container\">\n\t\t\t\t\t\t\t<p>Organizamos eventos acad\u00e9micos, charlas y exposiciones, otorgando las condiciones adecuadas para su realizaci\u00f3n, tales como salones, iluminaci\u00f3n, sonido, proyecci\u00f3n, alimentaci\u00f3n, video, televisi\u00f3n y materiales b\u00e1sicos, entre otros.<\/p>\t\t\t\t\t\t<\/div>\n\t\t\t\t<\/div>\n\t\t\t\t\t<\/div>\n\t\t<\/div>\n\t\t\t\t<div class=\"elementor-column elementor-col-50 elementor-top-column elementor-element elementor-element-51cb346\" data-id=\"51cb346\" data-element_type=\"column\">\n\t\t\t<div class=\"elementor-widget-wrap elementor-element-populated\">\n\t\t\t\t\t\t\t\t<div class=\"elementor-element elementor-element-c5fc7ec elementor-view-default elementor-widget elementor-widget-icon\" data-id=\"c5fc7ec\" data-element_type=\"widget\" data-widget_type=\"icon.default\">\n\t\t\t\t<div class=\"elementor-widget-container\">\n\t\t\t\t\t<div class=\"elementor-icon-wrapper\">\n\t\t\t<div class=\"elementor-icon\">\n\t\t\t<i aria-hidden=\"true\" class=\"fas fa-icons\"><\/i>\t\t\t<\/div>\n\t\t<\/div>\n\t\t\t\t<\/div>\n\t\t\t\t<\/div>\n\t\t\t\t<div class=\"elementor-element elementor-element-7478770 elementor-widget elementor-widget-heading\" data-id=\"7478770\" data-element_type=\"widget\" data-widget_type=\"heading.default\">\n\t\t\t\t<div class=\"elementor-widget-container\">\n\t\t\t<h4 class=\"elementor-heading-title elementor-size-default\">EXPOSICIONES O FERIAS<\/h4>\t\t<\/div>\n\t\t\t\t<\/div>\n\t\t\t\t<div class=\"elementor-element elementor-element-4b1c5a9 elementor-widget elementor-widget-text-editor\" data-id=\"4b1c5a9\" data-element_type=\"widget\" data-widget_type=\"text-editor.default\">\n\t\t\t\t<div class=\"elementor-widget-container\">\n\t\t\t\t\t\t\t<p>Ofrecemos un servicio completo en la creaci\u00f3n de EXPOS &amp; FERIAS, a trav\u00e9s de la Producci\u00f3n Gr\u00e1fica, Variedad en Ambientaci\u00f3n y Decoraci\u00f3n Tem\u00e1tica exclusiva con un sello \u00fanico al estilo del cliente.<\/p>\t\t\t\t\t\t<\/div>\n\t\t\t\t<\/div>\n\t\t\t\t\t<\/div>\n\t\t<\/div>\n\t\t\t\t\t\t\t<\/div>\n\t\t<\/section>\n\t\t\t\t\t\t<\/div>\n\t\t\t\t\t<\/div>\n\t\t","protected":false},"excerpt":{"rendered":"<p>MERCHANDISING Haz clic aqu\u00ed PRODUCCI\u00d3N DE EVENTOS Haz clic aqu\u00ed BANQUETER\u00cdA Contamos con chefs y cocineros de comida local e internacional, con conocimiento de m\u00faltiples posibilidades de preparaci\u00f3n de men\u00fas, ajustados a lo que solicitan nuestros clientes. SEMINARIOS Organizamos eventos acad\u00e9micos, charlas y exposiciones, otorgando las condiciones adecuadas para su realizaci\u00f3n, tales como salones, iluminaci\u00f3n, [&hellip;]<\/p>\n","protected":false},"author":1,"featured_media":0,"parent":0,"menu_order":0,"comment_status":"closed","ping_status":"closed","template":"","meta":{"footnotes":""},"class_list":["post-9291","page","type-page","status-publish","hentry"],"_links":{"self":[{"href":"https:\/\/partnergloball.cl\/inicio\/wp-json\/wp\/v2\/pages\/9291","targetHints":{"allow":["GET"]}}],"collection":[{"href":"https:\/\/partnergloball.cl\/inicio\/wp-json\/wp\/v2\/pages"}],"about":[{"href":"https:\/\/partnergloball.cl\/inicio\/wp-json\/wp\/v2\/types\/page"}],"author":[{"embeddable":true,"href":"https:\/\/partnergloball.cl\/inicio\/wp-json\/wp\/v2\/users\/1"}],"replies":[{"embeddable":true,"href":"https:\/\/partnergloball.cl\/inicio\/wp-json\/wp\/v2\/comments?post=9291"}],"version-history":[{"count":279,"href":"https:\/\/partnergloball.cl\/inicio\/wp-json\/wp\/v2\/pages\/9291\/revisions"}],"predecessor-version":[{"id":11168,"href":"https:\/\/partnergloball.cl\/inicio\/wp-json\/wp\/v2\/pages\/9291\/revisions\/11168"}],"wp:attachment":[{"href":"https:\/\/partnergloball.cl\/inicio\/wp-json\/wp\/v2\/media?parent=9291"}],"curies":[{"name":"wp","href":"https:\/\/api.w.org\/{rel}","templated":true}]}}