{"id":11132,"date":"2024-06-02T23:29:55","date_gmt":"2024-06-03T02:29:55","guid":{"rendered":"https:\/\/partnergloball.cl\/inicio\/?page_id=11132"},"modified":"2025-02-10T14:29:34","modified_gmt":"2025-02-10T17:29:34","slug":"construccion-2","status":"publish","type":"page","link":"https:\/\/partnergloball.cl\/inicio\/construccion-2\/","title":{"rendered":"CONSTRUCCI\u00d3N"},"content":{"rendered":"\t\t<div data-elementor-type=\"wp-page\" data-elementor-id=\"11132\" class=\"elementor elementor-11132\" data-elementor-settings=\"[]\">\n\t\t\t\t\t\t\t<div class=\"elementor-section-wrap\">\n\t\t\t\t\t\t\t<section class=\"elementor-section elementor-top-section elementor-element elementor-element-e57012e elementor-section-boxed elementor-section-height-default elementor-section-height-default\" data-id=\"e57012e\" data-element_type=\"section\">\n\t\t\t\t\t\t<div class=\"elementor-container elementor-column-gap-default\">\n\t\t\t\t\t<div class=\"elementor-column elementor-col-50 elementor-top-column elementor-element elementor-element-68a9f41\" data-id=\"68a9f41\" data-element_type=\"column\">\n\t\t\t<div class=\"elementor-widget-wrap elementor-element-populated\">\n\t\t\t\t\t\t\t\t<div class=\"elementor-element elementor-element-084e3f0 elementor-widget elementor-widget-image\" data-id=\"084e3f0\" data-element_type=\"widget\" data-widget_type=\"image.default\">\n\t\t\t\t<div class=\"elementor-widget-container\">\n\t\t\t\t\t\t\t\t\t\t\t\t\t\t\t<img loading=\"lazy\" decoding=\"async\" width=\"768\" height=\"512\" src=\"https:\/\/partnergloball.cl\/inicio\/wp-content\/uploads\/2024\/06\/civil-engineer-project-construction-work-2023-11-27-05-33-33-utc-768x512.jpg\" class=\"attachment-medium_large size-medium_large\" alt=\"\" srcset=\"https:\/\/partnergloball.cl\/inicio\/wp-content\/uploads\/2024\/06\/civil-engineer-project-construction-work-2023-11-27-05-33-33-utc-768x512.jpg 768w, https:\/\/partnergloball.cl\/inicio\/wp-content\/uploads\/2024\/06\/civil-engineer-project-construction-work-2023-11-27-05-33-33-utc-300x200.jpg 300w, https:\/\/partnergloball.cl\/inicio\/wp-content\/uploads\/2024\/06\/civil-engineer-project-construction-work-2023-11-27-05-33-33-utc-1024x683.jpg 1024w, https:\/\/partnergloball.cl\/inicio\/wp-content\/uploads\/2024\/06\/civil-engineer-project-construction-work-2023-11-27-05-33-33-utc-1536x1024.jpg 1536w, https:\/\/partnergloball.cl\/inicio\/wp-content\/uploads\/2024\/06\/civil-engineer-project-construction-work-2023-11-27-05-33-33-utc-2048x1365.jpg 2048w\" sizes=\"auto, (max-width: 768px) 100vw, 768px\" \/>\t\t\t\t\t\t\t\t\t\t\t\t\t\t\t<\/div>\n\t\t\t\t<\/div>\n\t\t\t\t\t<\/div>\n\t\t<\/div>\n\t\t\t\t<div class=\"elementor-column elementor-col-50 elementor-top-column elementor-element elementor-element-6ab05c1\" data-id=\"6ab05c1\" data-element_type=\"column\">\n\t\t\t<div class=\"elementor-widget-wrap elementor-element-populated\">\n\t\t\t\t\t\t\t\t<div class=\"elementor-element elementor-element-e5f0ff0 elementor-widget elementor-widget-text-editor\" data-id=\"e5f0ff0\" data-element_type=\"widget\" data-widget_type=\"text-editor.default\">\n\t\t\t\t<div class=\"elementor-widget-container\">\n\t\t\t\t\t\t\t<p>Somos una empresa dedicada a la construcci\u00f3n y desarrollo de proyectos de infraestructura, con equipo de profesionales con mas de 14 a\u00f1os de experiencia.<\/p><p>Nuestra misi\u00f3n es transformar ideas en realidades, ofreciendo soluciones constructivas de alta calidad que se adapten a las necesidades de nuestros clientes.<\/p><p>Nos especializamos en Galpones industriales, Construcciones comerciales, Construccion de viviendas estilo Canadiense, Habilitaci\u00f3n de espacios comunes e institucionales, etc. Contando con un gran equipo de profesionales altamente capacitados que se comprometen a entregar cada proyecto a tiempo y dentro del presupuesto esperado, ajust\u00e1ndonos a la capacidad econ\u00f3mica de cada cliente.<\/p>\t\t\t\t\t\t<\/div>\n\t\t\t\t<\/div>\n\t\t\t\t\t<\/div>\n\t\t<\/div>\n\t\t\t\t\t\t\t<\/div>\n\t\t<\/section>\n\t\t\t\t<section class=\"elementor-section elementor-top-section elementor-element elementor-element-4a66b52 elementor-section-boxed elementor-section-height-default elementor-section-height-default\" data-id=\"4a66b52\" data-element_type=\"section\">\n\t\t\t\t\t\t<div class=\"elementor-container elementor-column-gap-default\">\n\t\t\t\t\t<div class=\"elementor-column elementor-col-100 elementor-top-column elementor-element elementor-element-a4bf67e\" data-id=\"a4bf67e\" data-element_type=\"column\">\n\t\t\t<div class=\"elementor-widget-wrap elementor-element-populated\">\n\t\t\t\t\t\t\t\t<div class=\"elementor-element elementor-element-63a0e91 elementor-widget elementor-widget-spacer\" data-id=\"63a0e91\" data-element_type=\"widget\" data-widget_type=\"spacer.default\">\n\t\t\t\t<div class=\"elementor-widget-container\">\n\t\t\t\t\t<div class=\"elementor-spacer\">\n\t\t\t<div class=\"elementor-spacer-inner\"><\/div>\n\t\t<\/div>\n\t\t\t\t<\/div>\n\t\t\t\t<\/div>\n\t\t\t\t\t<\/div>\n\t\t<\/div>\n\t\t\t\t\t\t\t<\/div>\n\t\t<\/section>\n\t\t\t\t<section class=\"elementor-section elementor-top-section elementor-element elementor-element-f9317b6 elementor-section-boxed elementor-section-height-default elementor-section-height-default\" data-id=\"f9317b6\" data-element_type=\"section\">\n\t\t\t\t\t\t<div class=\"elementor-container elementor-column-gap-default\">\n\t\t\t\t\t<div class=\"elementor-column elementor-col-33 elementor-top-column elementor-element elementor-element-432d66d\" data-id=\"432d66d\" data-element_type=\"column\">\n\t\t\t<div class=\"elementor-widget-wrap\">\n\t\t\t\t\t\t\t\t\t<\/div>\n\t\t<\/div>\n\t\t\t\t<div class=\"elementor-column elementor-col-33 elementor-top-column elementor-element elementor-element-19a2306\" data-id=\"19a2306\" data-element_type=\"column\">\n\t\t\t<div class=\"elementor-widget-wrap\">\n\t\t\t\t\t\t\t\t\t<\/div>\n\t\t<\/div>\n\t\t\t\t<div class=\"elementor-column elementor-col-33 elementor-top-column elementor-element elementor-element-86203ac\" data-id=\"86203ac\" data-element_type=\"column\">\n\t\t\t<div class=\"elementor-widget-wrap\">\n\t\t\t\t\t\t\t\t\t<\/div>\n\t\t<\/div>\n\t\t\t\t\t\t\t<\/div>\n\t\t<\/section>\n\t\t\t\t\t\t<\/div>\n\t\t\t\t\t<\/div>\n\t\t","protected":false},"excerpt":{"rendered":"<p>Somos una empresa dedicada a la construcci\u00f3n y desarrollo de proyectos de infraestructura, con equipo de profesionales con mas de 14 a\u00f1os de experiencia. Nuestra misi\u00f3n es transformar ideas en realidades, ofreciendo soluciones constructivas de alta calidad que se adapten a las necesidades de nuestros clientes. Nos especializamos en Galpones industriales, Construcciones comerciales, Construccion de [&hellip;]<\/p>\n","protected":false},"author":2,"featured_media":0,"parent":0,"menu_order":0,"comment_status":"closed","ping_status":"closed","template":"","meta":{"footnotes":""},"class_list":["post-11132","page","type-page","status-publish","hentry"],"_links":{"self":[{"href":"https:\/\/partnergloball.cl\/inicio\/wp-json\/wp\/v2\/pages\/11132","targetHints":{"allow":["GET"]}}],"collection":[{"href":"https:\/\/partnergloball.cl\/inicio\/wp-json\/wp\/v2\/pages"}],"about":[{"href":"https:\/\/partnergloball.cl\/inicio\/wp-json\/wp\/v2\/types\/page"}],"author":[{"embeddable":true,"href":"https:\/\/partnergloball.cl\/inicio\/wp-json\/wp\/v2\/users\/2"}],"replies":[{"embeddable":true,"href":"https:\/\/partnergloball.cl\/inicio\/wp-json\/wp\/v2\/comments?post=11132"}],"version-history":[{"count":18,"href":"https:\/\/partnergloball.cl\/inicio\/wp-json\/wp\/v2\/pages\/11132\/revisions"}],"predecessor-version":[{"id":11245,"href":"https:\/\/partnergloball.cl\/inicio\/wp-json\/wp\/v2\/pages\/11132\/revisions\/11245"}],"wp:attachment":[{"href":"https:\/\/partnergloball.cl\/inicio\/wp-json\/wp\/v2\/media?parent=11132"}],"curies":[{"name":"wp","href":"https:\/\/api.w.org\/{rel}","templated":true}]}}