{"id":11059,"date":"2024-06-02T23:00:17","date_gmt":"2024-06-03T02:00:17","guid":{"rendered":"https:\/\/partnergloball.cl\/inicio\/?page_id=11059"},"modified":"2024-06-02T23:28:19","modified_gmt":"2024-06-03T02:28:19","slug":"mineria-2","status":"publish","type":"page","link":"https:\/\/partnergloball.cl\/inicio\/mineria-2\/","title":{"rendered":"MINER\u00cdA"},"content":{"rendered":"\t\t<div data-elementor-type=\"wp-page\" data-elementor-id=\"11059\" class=\"elementor elementor-11059\" data-elementor-settings=\"[]\">\n\t\t\t\t\t\t\t<div class=\"elementor-section-wrap\">\n\t\t\t\t\t\t\t<section class=\"elementor-section elementor-top-section elementor-element elementor-element-8615729 elementor-section-boxed elementor-section-height-default elementor-section-height-default\" data-id=\"8615729\" data-element_type=\"section\">\n\t\t\t\t\t\t<div class=\"elementor-container elementor-column-gap-default\">\n\t\t\t\t\t<div class=\"elementor-column elementor-col-50 elementor-top-column elementor-element elementor-element-0f0f414\" data-id=\"0f0f414\" data-element_type=\"column\">\n\t\t\t<div class=\"elementor-widget-wrap elementor-element-populated\">\n\t\t\t\t\t\t\t\t<div class=\"elementor-element elementor-element-d4e7e79 elementor-widget elementor-widget-image\" data-id=\"d4e7e79\" data-element_type=\"widget\" data-widget_type=\"image.default\">\n\t\t\t\t<div class=\"elementor-widget-container\">\n\t\t\t\t\t\t\t\t\t\t\t\t\t\t\t<img loading=\"lazy\" decoding=\"async\" width=\"300\" height=\"200\" src=\"https:\/\/partnergloball.cl\/inicio\/wp-content\/uploads\/2024\/06\/worker-in-hardhat-standing-in-stone-quarry-2024-05-20-19-19-06-utc-300x200.jpg\" class=\"attachment-medium size-medium\" alt=\"\" srcset=\"https:\/\/partnergloball.cl\/inicio\/wp-content\/uploads\/2024\/06\/worker-in-hardhat-standing-in-stone-quarry-2024-05-20-19-19-06-utc-300x200.jpg 300w, https:\/\/partnergloball.cl\/inicio\/wp-content\/uploads\/2024\/06\/worker-in-hardhat-standing-in-stone-quarry-2024-05-20-19-19-06-utc-1024x681.jpg 1024w, https:\/\/partnergloball.cl\/inicio\/wp-content\/uploads\/2024\/06\/worker-in-hardhat-standing-in-stone-quarry-2024-05-20-19-19-06-utc-768x511.jpg 768w, https:\/\/partnergloball.cl\/inicio\/wp-content\/uploads\/2024\/06\/worker-in-hardhat-standing-in-stone-quarry-2024-05-20-19-19-06-utc-1536x1022.jpg 1536w, https:\/\/partnergloball.cl\/inicio\/wp-content\/uploads\/2024\/06\/worker-in-hardhat-standing-in-stone-quarry-2024-05-20-19-19-06-utc-2048x1363.jpg 2048w\" sizes=\"auto, (max-width: 300px) 100vw, 300px\" \/>\t\t\t\t\t\t\t\t\t\t\t\t\t\t\t<\/div>\n\t\t\t\t<\/div>\n\t\t\t\t\t<\/div>\n\t\t<\/div>\n\t\t\t\t<div class=\"elementor-column elementor-col-50 elementor-top-column elementor-element elementor-element-2ec6b54\" data-id=\"2ec6b54\" data-element_type=\"column\">\n\t\t\t<div class=\"elementor-widget-wrap elementor-element-populated\">\n\t\t\t\t\t\t\t\t<div class=\"elementor-element elementor-element-9cffde8 elementor-widget elementor-widget-text-editor\" data-id=\"9cffde8\" data-element_type=\"widget\" data-widget_type=\"text-editor.default\">\n\t\t\t\t<div class=\"elementor-widget-container\">\n\t\t\t\t\t\t\t<p>En PartnerGloball, nos especializamos en proporcionar soluciones de alta calidad para la industria minera y de trabajo pesado.&nbsp;<\/p><p>Nuestros productos est\u00e1n dise\u00f1ados para resistir las condiciones m\u00e1s exigentes y brindar un rendimiento excepcional en entornos industriales.<\/p>\n<p>Te presentamos nuestra gama de productos especializados:<\/p>\t\t\t\t\t\t<\/div>\n\t\t\t\t<\/div>\n\t\t\t\t\t<\/div>\n\t\t<\/div>\n\t\t\t\t\t\t\t<\/div>\n\t\t<\/section>\n\t\t\t\t<section class=\"elementor-section elementor-top-section elementor-element elementor-element-cbef7ef elementor-section-boxed elementor-section-height-default elementor-section-height-default\" data-id=\"cbef7ef\" data-element_type=\"section\">\n\t\t\t\t\t\t<div class=\"elementor-container elementor-column-gap-default\">\n\t\t\t\t\t<div class=\"elementor-column elementor-col-50 elementor-top-column elementor-element elementor-element-095f8e4\" data-id=\"095f8e4\" data-element_type=\"column\">\n\t\t\t<div class=\"elementor-widget-wrap elementor-element-populated\">\n\t\t\t\t\t\t\t\t<section class=\"elementor-section elementor-inner-section elementor-element elementor-element-32dc52a elementor-section-boxed elementor-section-height-default elementor-section-height-default\" data-id=\"32dc52a\" data-element_type=\"section\">\n\t\t\t\t\t\t<div class=\"elementor-container elementor-column-gap-default\">\n\t\t\t\t\t<div class=\"elementor-column elementor-col-50 elementor-inner-column elementor-element elementor-element-c261d93\" data-id=\"c261d93\" data-element_type=\"column\">\n\t\t\t<div class=\"elementor-widget-wrap elementor-element-populated\">\n\t\t\t\t\t\t\t\t<div class=\"elementor-element elementor-element-3c08a7b elementor-widget elementor-widget-heading\" data-id=\"3c08a7b\" data-element_type=\"widget\" data-widget_type=\"heading.default\">\n\t\t\t\t<div class=\"elementor-widget-container\">\n\t\t\t<h2 class=\"elementor-heading-title elementor-size-default\">1. REVESTIMIENTOS BIMET\u00c1LICOS<\/h2>\t\t<\/div>\n\t\t\t\t<\/div>\n\t\t\t\t<div class=\"elementor-element elementor-element-ec914dc elementor-widget elementor-widget-text-editor\" data-id=\"ec914dc\" data-element_type=\"widget\" data-widget_type=\"text-editor.default\">\n\t\t\t\t<div class=\"elementor-widget-container\">\n\t\t\t\t\t\t\t<p>Dise\u00f1ados para ofrecer una resistencia superior al desgaste y una durabilidad excepcional en aplicaciones mineras e industriales.<\/p>\t\t\t\t\t\t<\/div>\n\t\t\t\t<\/div>\n\t\t\t\t\t<\/div>\n\t\t<\/div>\n\t\t\t\t<div class=\"elementor-column elementor-col-50 elementor-inner-column elementor-element elementor-element-cde63c7\" data-id=\"cde63c7\" data-element_type=\"column\">\n\t\t\t<div class=\"elementor-widget-wrap elementor-element-populated\">\n\t\t\t\t\t\t\t\t<div class=\"elementor-element elementor-element-eff9ad9 elementor-widget elementor-widget-heading\" data-id=\"eff9ad9\" data-element_type=\"widget\" data-widget_type=\"heading.default\">\n\t\t\t\t<div class=\"elementor-widget-container\">\n\t\t\t<h2 class=\"elementor-heading-title elementor-size-default\">2. CHOCK BLOCKS<\/h2>\t\t<\/div>\n\t\t\t\t<\/div>\n\t\t\t\t<div class=\"elementor-element elementor-element-9de1277 elementor-widget elementor-widget-text-editor\" data-id=\"9de1277\" data-element_type=\"widget\" data-widget_type=\"text-editor.default\">\n\t\t\t\t<div class=\"elementor-widget-container\">\n\t\t\t\t\t\t\t<p>Soluciones de protecci\u00f3n contra impactos dise\u00f1adas para proteger equipos y maquinaria en entornos de trabajo pesado.<\/p>\t\t\t\t\t\t<\/div>\n\t\t\t\t<\/div>\n\t\t\t\t\t<\/div>\n\t\t<\/div>\n\t\t\t\t\t\t\t<\/div>\n\t\t<\/section>\n\t\t\t\t\t<\/div>\n\t\t<\/div>\n\t\t\t\t<div class=\"elementor-column elementor-col-50 elementor-top-column elementor-element elementor-element-68d3ef5\" data-id=\"68d3ef5\" data-element_type=\"column\">\n\t\t\t<div class=\"elementor-widget-wrap elementor-element-populated\">\n\t\t\t\t\t\t\t\t<section class=\"elementor-section elementor-inner-section elementor-element elementor-element-802d97e elementor-section-boxed elementor-section-height-default elementor-section-height-default\" data-id=\"802d97e\" data-element_type=\"section\">\n\t\t\t\t\t\t<div class=\"elementor-container elementor-column-gap-default\">\n\t\t\t\t\t<div class=\"elementor-column elementor-col-50 elementor-inner-column elementor-element elementor-element-368bd85\" data-id=\"368bd85\" data-element_type=\"column\">\n\t\t\t<div class=\"elementor-widget-wrap elementor-element-populated\">\n\t\t\t\t\t\t\t\t<div class=\"elementor-element elementor-element-8eb5742 elementor-widget elementor-widget-heading\" data-id=\"8eb5742\" data-element_type=\"widget\" data-widget_type=\"heading.default\">\n\t\t\t\t<div class=\"elementor-widget-container\">\n\t\t\t<h2 class=\"elementor-heading-title elementor-size-default\">3. REVESTIMIENTOS DE CER\u00c1MICA<\/h2>\t\t<\/div>\n\t\t\t\t<\/div>\n\t\t\t\t<div class=\"elementor-element elementor-element-bb2362f elementor-widget elementor-widget-text-editor\" data-id=\"bb2362f\" data-element_type=\"widget\" data-widget_type=\"text-editor.default\">\n\t\t\t\t<div class=\"elementor-widget-container\">\n\t\t\t\t\t\t\t<p>Ideales para aplicaciones que requieren resistencia a la abrasi\u00f3n y al desgaste, ofreciendo una protecci\u00f3n efectiva y duradera.<\/p>\t\t\t\t\t\t<\/div>\n\t\t\t\t<\/div>\n\t\t\t\t\t<\/div>\n\t\t<\/div>\n\t\t\t\t<div class=\"elementor-column elementor-col-50 elementor-inner-column elementor-element elementor-element-f1ebf68\" data-id=\"f1ebf68\" data-element_type=\"column\">\n\t\t\t<div class=\"elementor-widget-wrap elementor-element-populated\">\n\t\t\t\t\t\t\t\t<div class=\"elementor-element elementor-element-03b5e82 elementor-widget elementor-widget-heading\" data-id=\"03b5e82\" data-element_type=\"widget\" data-widget_type=\"heading.default\">\n\t\t\t\t<div class=\"elementor-widget-container\">\n\t\t\t<h2 class=\"elementor-heading-title elementor-size-default\">4. MASILLA EP\u00d3XICA RESISTENTE AL DESGASTE<\/h2>\t\t<\/div>\n\t\t\t\t<\/div>\n\t\t\t\t<div class=\"elementor-element elementor-element-8ed91f8 elementor-widget elementor-widget-text-editor\" data-id=\"8ed91f8\" data-element_type=\"widget\" data-widget_type=\"text-editor.default\">\n\t\t\t\t<div class=\"elementor-widget-container\">\n\t\t\t\t\t\t\t<p>Una soluci\u00f3n vers\u00e1til para reparaciones y revestimientos que requieren resistencia a la abrasi\u00f3n y productos qu\u00edmicos.<\/p>\t\t\t\t\t\t<\/div>\n\t\t\t\t<\/div>\n\t\t\t\t\t<\/div>\n\t\t<\/div>\n\t\t\t\t\t\t\t<\/div>\n\t\t<\/section>\n\t\t\t\t\t<\/div>\n\t\t<\/div>\n\t\t\t\t\t\t\t<\/div>\n\t\t<\/section>\n\t\t\t\t<section class=\"elementor-section elementor-top-section elementor-element elementor-element-e972427 elementor-section-boxed elementor-section-height-default elementor-section-height-default\" data-id=\"e972427\" data-element_type=\"section\">\n\t\t\t\t\t\t<div class=\"elementor-container elementor-column-gap-default\">\n\t\t\t\t\t<div class=\"elementor-column elementor-col-50 elementor-top-column elementor-element elementor-element-b24a12c\" data-id=\"b24a12c\" data-element_type=\"column\">\n\t\t\t<div class=\"elementor-widget-wrap elementor-element-populated\">\n\t\t\t\t\t\t\t\t<div class=\"elementor-element elementor-element-4d48d74 elementor-widget elementor-widget-text-editor\" data-id=\"4d48d74\" data-element_type=\"widget\" data-widget_type=\"text-editor.default\">\n\t\t\t\t<div class=\"elementor-widget-container\">\n\t\t\t\t\t\t\t<p>Nuestros productos son la elecci\u00f3n perfecta para garantizar la seguridad y la eficiencia en tus operaciones mineras e industriales. Conf\u00eda en PartnerGloball para brindarte soluciones confiables y de alta calidad.<\/p>\t\t\t\t\t\t<\/div>\n\t\t\t\t<\/div>\n\t\t\t\t\t<\/div>\n\t\t<\/div>\n\t\t\t\t<div class=\"elementor-column elementor-col-50 elementor-top-column elementor-element elementor-element-178c9a9\" data-id=\"178c9a9\" data-element_type=\"column\">\n\t\t\t<div class=\"elementor-widget-wrap elementor-element-populated\">\n\t\t\t\t\t\t\t\t<div class=\"elementor-element elementor-element-f086504 elementor-widget elementor-widget-text-editor\" data-id=\"f086504\" data-element_type=\"widget\" data-widget_type=\"text-editor.default\">\n\t\t\t\t<div class=\"elementor-widget-container\">\n\t\t\t\t\t\t\t<p>Si est\u00e1s interesado en conocer m\u00e1s sobre nuestra l\u00ednea de productos o deseas realizar una consulta, no dudes en contactarnos. Estamos aqu\u00ed para ayudarte a encontrar las mejores soluciones para tus necesidades.<\/p>\t\t\t\t\t\t<\/div>\n\t\t\t\t<\/div>\n\t\t\t\t\t<\/div>\n\t\t<\/div>\n\t\t\t\t\t\t\t<\/div>\n\t\t<\/section>\n\t\t\t\t<section class=\"elementor-section elementor-top-section elementor-element elementor-element-f2b3fba elementor-section-boxed elementor-section-height-default elementor-section-height-default\" data-id=\"f2b3fba\" data-element_type=\"section\">\n\t\t\t\t\t\t<div class=\"elementor-container elementor-column-gap-default\">\n\t\t\t\t\t<div class=\"elementor-column elementor-col-100 elementor-top-column elementor-element elementor-element-f71f1ee\" data-id=\"f71f1ee\" data-element_type=\"column\">\n\t\t\t<div class=\"elementor-widget-wrap elementor-element-populated\">\n\t\t\t\t\t\t\t\t<div class=\"elementor-element elementor-element-a070794 elementor-widget elementor-widget-spacer\" data-id=\"a070794\" data-element_type=\"widget\" data-widget_type=\"spacer.default\">\n\t\t\t\t<div class=\"elementor-widget-container\">\n\t\t\t\t\t<div class=\"elementor-spacer\">\n\t\t\t<div class=\"elementor-spacer-inner\"><\/div>\n\t\t<\/div>\n\t\t\t\t<\/div>\n\t\t\t\t<\/div>\n\t\t\t\t\t<\/div>\n\t\t<\/div>\n\t\t\t\t\t\t\t<\/div>\n\t\t<\/section>\n\t\t\t\t\t\t<\/div>\n\t\t\t\t\t<\/div>\n\t\t","protected":false},"excerpt":{"rendered":"<p>En PartnerGloball, nos especializamos en proporcionar soluciones de alta calidad para la industria minera y de trabajo pesado.&nbsp; Nuestros productos est\u00e1n dise\u00f1ados para resistir las condiciones m\u00e1s exigentes y brindar un rendimiento excepcional en entornos industriales. Te presentamos nuestra gama de productos especializados: 1. REVESTIMIENTOS BIMET\u00c1LICOS Dise\u00f1ados para ofrecer una resistencia superior al desgaste y [&hellip;]<\/p>\n","protected":false},"author":2,"featured_media":0,"parent":0,"menu_order":0,"comment_status":"closed","ping_status":"closed","template":"","meta":{"footnotes":""},"class_list":["post-11059","page","type-page","status-publish","hentry"],"_links":{"self":[{"href":"https:\/\/partnergloball.cl\/inicio\/wp-json\/wp\/v2\/pages\/11059","targetHints":{"allow":["GET"]}}],"collection":[{"href":"https:\/\/partnergloball.cl\/inicio\/wp-json\/wp\/v2\/pages"}],"about":[{"href":"https:\/\/partnergloball.cl\/inicio\/wp-json\/wp\/v2\/types\/page"}],"author":[{"embeddable":true,"href":"https:\/\/partnergloball.cl\/inicio\/wp-json\/wp\/v2\/users\/2"}],"replies":[{"embeddable":true,"href":"https:\/\/partnergloball.cl\/inicio\/wp-json\/wp\/v2\/comments?post=11059"}],"version-history":[{"count":40,"href":"https:\/\/partnergloball.cl\/inicio\/wp-json\/wp\/v2\/pages\/11059\/revisions"}],"predecessor-version":[{"id":11130,"href":"https:\/\/partnergloball.cl\/inicio\/wp-json\/wp\/v2\/pages\/11059\/revisions\/11130"}],"wp:attachment":[{"href":"https:\/\/partnergloball.cl\/inicio\/wp-json\/wp\/v2\/media?parent=11059"}],"curies":[{"name":"wp","href":"https:\/\/api.w.org\/{rel}","templated":true}]}}